{"id":57,"date":"2022-01-16T18:44:32","date_gmt":"2022-01-16T18:44:32","guid":{"rendered":"http:\/\/web.maccsol.com\/?post_type=product&#038;p=57"},"modified":"2022-01-16T18:44:33","modified_gmt":"2022-01-16T18:44:33","slug":"caretas-ligeras-soldaduras","status":"publish","type":"product","link":"https:\/\/maccsol.com\/?product=caretas-ligeras-soldaduras","title":{"rendered":"CARETAS LIGERAS SOLDADURAS"},"content":{"rendered":"<p>Pantallas electr\u00f3nicas para la protecci\u00f3n del soldador. Caretas ligeras y con una \u00f3ptica perfecta para proteger al operario en sus soldaduras con electrodo, MIG y TIG.<\/p>\n","protected":false},"excerpt":{"rendered":"<p>Pantallas electr\u00f3nicas para la protecci\u00f3n del soldador. Caretas ligeras y con una \u00f3ptica perfecta para proteger al operario en sus soldaduras con electrodo, MIG y &hellip; <\/p>\n","protected":false},"featured_media":58,"template":"","meta":{"spay_email":""},"product_cat":[25],"product_tag":[],"class_list":{"0":"post-57","1":"product","2":"type-product","3":"status-publish","4":"has-post-thumbnail","6":"product_cat-hilos-soldadura","8":"first","9":"instock","10":"shipping-taxable","11":"product-type-simple"},"_links":{"self":[{"href":"https:\/\/maccsol.com\/index.php?rest_route=\/wp\/v2\/product\/57","targetHints":{"allow":["GET"]}}],"collection":[{"href":"https:\/\/maccsol.com\/index.php?rest_route=\/wp\/v2\/product"}],"about":[{"href":"https:\/\/maccsol.com\/index.php?rest_route=\/wp\/v2\/types\/product"}],"wp:featuredmedia":[{"embeddable":true,"href":"https:\/\/maccsol.com\/index.php?rest_route=\/wp\/v2\/media\/58"}],"wp:attachment":[{"href":"https:\/\/maccsol.com\/index.php?rest_route=%2Fwp%2Fv2%2Fmedia&parent=57"}],"wp:term":[{"taxonomy":"product_cat","embeddable":true,"href":"https:\/\/maccsol.com\/index.php?rest_route=%2Fwp%2Fv2%2Fproduct_cat&post=57"},{"taxonomy":"product_tag","embeddable":true,"href":"https:\/\/maccsol.com\/index.php?rest_route=%2Fwp%2Fv2%2Fproduct_tag&post=57"}],"curies":[{"name":"wp","href":"https:\/\/api.w.org\/{rel}","templated":true}]}}