{"id":148,"date":"2022-01-17T10:01:17","date_gmt":"2022-01-17T10:01:17","guid":{"rendered":"http:\/\/web.maccsol.com\/?post_type=product&#038;p=148"},"modified":"2022-01-17T10:01:17","modified_gmt":"2022-01-17T10:01:17","slug":"apollo-320-lt-equipo-de-soldar","status":"publish","type":"product","link":"https:\/\/maccsol.com\/?product=apollo-320-lt-equipo-de-soldar","title":{"rendered":"Apollo 320 LT Equipo de soldar"},"content":{"rendered":"<p>Equipo de soldar por arco el\u00e9ctrico con electrodos revestidos y dise\u00f1ados en base a la m\u00e1s avanzada tecnolog\u00eda inverter digital, para soldadura con electrodo y Lift TIG. Se combinan una construcci\u00f3n s\u00f3lida y robusta con unas excelentes caracter\u00edsticas de arco. De esta forma conseguimos unos resultados de una calidad inmejorable.<\/p>\n","protected":false},"excerpt":{"rendered":"<p>Equipo de soldar por arco el\u00e9ctrico con electrodos revestidos y dise\u00f1ados en base a la m\u00e1s avanzada tecnolog\u00eda inverter digital, para soldadura con electrodo y &hellip; <\/p>\n","protected":false},"featured_media":149,"template":"","meta":{"spay_email":""},"product_cat":[25],"product_tag":[],"class_list":{"0":"post-148","1":"product","2":"type-product","3":"status-publish","4":"has-post-thumbnail","6":"product_cat-hilos-soldadura","8":"first","9":"instock","10":"shipping-taxable","11":"product-type-simple"},"_links":{"self":[{"href":"https:\/\/maccsol.com\/index.php?rest_route=\/wp\/v2\/product\/148","targetHints":{"allow":["GET"]}}],"collection":[{"href":"https:\/\/maccsol.com\/index.php?rest_route=\/wp\/v2\/product"}],"about":[{"href":"https:\/\/maccsol.com\/index.php?rest_route=\/wp\/v2\/types\/product"}],"wp:featuredmedia":[{"embeddable":true,"href":"https:\/\/maccsol.com\/index.php?rest_route=\/wp\/v2\/media\/149"}],"wp:attachment":[{"href":"https:\/\/maccsol.com\/index.php?rest_route=%2Fwp%2Fv2%2Fmedia&parent=148"}],"wp:term":[{"taxonomy":"product_cat","embeddable":true,"href":"https:\/\/maccsol.com\/index.php?rest_route=%2Fwp%2Fv2%2Fproduct_cat&post=148"},{"taxonomy":"product_tag","embeddable":true,"href":"https:\/\/maccsol.com\/index.php?rest_route=%2Fwp%2Fv2%2Fproduct_tag&post=148"}],"curies":[{"name":"wp","href":"https:\/\/api.w.org\/{rel}","templated":true}]}}