{"id":146,"date":"2022-01-17T09:59:37","date_gmt":"2022-01-17T09:59:37","guid":{"rendered":"http:\/\/web.maccsol.com\/?post_type=product&#038;p=146"},"modified":"2022-01-17T09:59:37","modified_gmt":"2022-01-17T09:59:37","slug":"apollo-160-equipo-de-soldadura","status":"publish","type":"product","link":"https:\/\/maccsol.com\/?product=apollo-160-equipo-de-soldadura","title":{"rendered":"Apollo 160 equipo de soldadura"},"content":{"rendered":"<p>Las m\u00e1quinas Inverter Apollo II 160 y 200 ofrecen una gama de equipos de soldadura construidas pensando en el trabajo \u00f3ptimo. El equipo de soldadura por arco el\u00e9ctrico para electrodos revestidos, est\u00e1 adaptado para aplicaciones y ambientes de trabajo diferentes, asegurando una gran m\u00e1quina que cumple con los objetivos planteados.<\/p>\n","protected":false},"excerpt":{"rendered":"<p>Las m\u00e1quinas Inverter Apollo II 160 y 200 ofrecen una gama de equipos de soldadura construidas pensando en el trabajo \u00f3ptimo. El equipo de soldadura &hellip; <\/p>\n","protected":false},"featured_media":147,"template":"","meta":{"spay_email":""},"product_cat":[25],"product_tag":[],"class_list":{"0":"post-146","1":"product","2":"type-product","3":"status-publish","4":"has-post-thumbnail","6":"product_cat-hilos-soldadura","8":"first","9":"instock","10":"shipping-taxable","11":"product-type-simple"},"_links":{"self":[{"href":"https:\/\/maccsol.com\/index.php?rest_route=\/wp\/v2\/product\/146","targetHints":{"allow":["GET"]}}],"collection":[{"href":"https:\/\/maccsol.com\/index.php?rest_route=\/wp\/v2\/product"}],"about":[{"href":"https:\/\/maccsol.com\/index.php?rest_route=\/wp\/v2\/types\/product"}],"wp:featuredmedia":[{"embeddable":true,"href":"https:\/\/maccsol.com\/index.php?rest_route=\/wp\/v2\/media\/147"}],"wp:attachment":[{"href":"https:\/\/maccsol.com\/index.php?rest_route=%2Fwp%2Fv2%2Fmedia&parent=146"}],"wp:term":[{"taxonomy":"product_cat","embeddable":true,"href":"https:\/\/maccsol.com\/index.php?rest_route=%2Fwp%2Fv2%2Fproduct_cat&post=146"},{"taxonomy":"product_tag","embeddable":true,"href":"https:\/\/maccsol.com\/index.php?rest_route=%2Fwp%2Fv2%2Fproduct_tag&post=146"}],"curies":[{"name":"wp","href":"https:\/\/api.w.org\/{rel}","templated":true}]}}