{"id":144,"date":"2022-01-17T09:58:05","date_gmt":"2022-01-17T09:58:05","guid":{"rendered":"http:\/\/web.maccsol.com\/?post_type=product&#038;p=144"},"modified":"2022-01-17T10:02:32","modified_gmt":"2022-01-17T10:02:32","slug":"light-140i-inverter-para-soldadura","status":"publish","type":"product","link":"https:\/\/maccsol.com\/?product=light-140i-inverter-para-soldadura","title":{"rendered":"A Light 140i Inverter para soldadura"},"content":{"rendered":"<p>Light 140i Inverter para soldadura por arco el\u00e9ctrico de electrodo recubierto SMAW, preparado para soldadura especial GTAW TIG mediante electrodo de tungsteno en atm\u00f3sfera inerte. Apto para todo tipo de trabajos de mantenimiento, construcci\u00f3n y bricolaje.<\/p>\n","protected":false},"excerpt":{"rendered":"<p>Light 140i Inverter para soldadura por arco el\u00e9ctrico de electrodo recubierto SMAW, preparado para soldadura especial GTAW TIG mediante electrodo de tungsteno en atm\u00f3sfera inerte. &hellip; <\/p>\n","protected":false},"featured_media":145,"template":"","meta":{"spay_email":""},"product_cat":[25],"product_tag":[],"class_list":{"0":"post-144","1":"product","2":"type-product","3":"status-publish","4":"has-post-thumbnail","6":"product_cat-hilos-soldadura","8":"first","9":"instock","10":"shipping-taxable","11":"product-type-simple"},"_links":{"self":[{"href":"https:\/\/maccsol.com\/index.php?rest_route=\/wp\/v2\/product\/144","targetHints":{"allow":["GET"]}}],"collection":[{"href":"https:\/\/maccsol.com\/index.php?rest_route=\/wp\/v2\/product"}],"about":[{"href":"https:\/\/maccsol.com\/index.php?rest_route=\/wp\/v2\/types\/product"}],"wp:featuredmedia":[{"embeddable":true,"href":"https:\/\/maccsol.com\/index.php?rest_route=\/wp\/v2\/media\/145"}],"wp:attachment":[{"href":"https:\/\/maccsol.com\/index.php?rest_route=%2Fwp%2Fv2%2Fmedia&parent=144"}],"wp:term":[{"taxonomy":"product_cat","embeddable":true,"href":"https:\/\/maccsol.com\/index.php?rest_route=%2Fwp%2Fv2%2Fproduct_cat&post=144"},{"taxonomy":"product_tag","embeddable":true,"href":"https:\/\/maccsol.com\/index.php?rest_route=%2Fwp%2Fv2%2Fproduct_tag&post=144"}],"curies":[{"name":"wp","href":"https:\/\/api.w.org\/{rel}","templated":true}]}}