{"id":75,"date":"2022-01-16T19:00:03","date_gmt":"2022-01-16T19:00:03","guid":{"rendered":"http:\/\/web.maccsol.com\/?post_type=product&#038;p=75"},"modified":"2022-01-16T19:00:04","modified_gmt":"2022-01-16T19:00:04","slug":"nitrogeno-liquido","status":"publish","type":"product","link":"http:\/\/maccsol.com\/?product=nitrogeno-liquido","title":{"rendered":"NITR\u00d3GENO L\u00cdQUIDO"},"content":{"rendered":"<p>Suministramos nitr\u00f3geno l\u00edquido ofreciendo tanques de almacenamiento criog\u00e9nico de diferentes capacidades con el fin de adaptarnos a sus necesidades. Nitrogeno liquido para diferentes Sectores<\/p>\n","protected":false},"excerpt":{"rendered":"<p>Suministramos nitr\u00f3geno l\u00edquido ofreciendo tanques de almacenamiento criog\u00e9nico de diferentes capacidades con el fin de adaptarnos a sus necesidades. Nitrogeno liquido para diferentes Sectores<\/p>\n","protected":false},"featured_media":14,"template":"","meta":{"spay_email":""},"product_cat":[28],"product_tag":[],"class_list":{"0":"post-75","1":"product","2":"type-product","3":"status-publish","4":"has-post-thumbnail","6":"product_cat-nitrogeno","8":"first","9":"instock","10":"shipping-taxable","11":"product-type-simple"},"_links":{"self":[{"href":"http:\/\/maccsol.com\/index.php?rest_route=\/wp\/v2\/product\/75","targetHints":{"allow":["GET"]}}],"collection":[{"href":"http:\/\/maccsol.com\/index.php?rest_route=\/wp\/v2\/product"}],"about":[{"href":"http:\/\/maccsol.com\/index.php?rest_route=\/wp\/v2\/types\/product"}],"wp:featuredmedia":[{"embeddable":true,"href":"http:\/\/maccsol.com\/index.php?rest_route=\/wp\/v2\/media\/14"}],"wp:attachment":[{"href":"http:\/\/maccsol.com\/index.php?rest_route=%2Fwp%2Fv2%2Fmedia&parent=75"}],"wp:term":[{"taxonomy":"product_cat","embeddable":true,"href":"http:\/\/maccsol.com\/index.php?rest_route=%2Fwp%2Fv2%2Fproduct_cat&post=75"},{"taxonomy":"product_tag","embeddable":true,"href":"http:\/\/maccsol.com\/index.php?rest_route=%2Fwp%2Fv2%2Fproduct_tag&post=75"}],"curies":[{"name":"wp","href":"https:\/\/api.w.org\/{rel}","templated":true}]}}